{"id":3941,"date":"2022-05-03T19:15:59","date_gmt":"2022-05-03T19:15:59","guid":{"rendered":"https:\/\/projects.backyard.ae\/privacy-policy\/"},"modified":"2022-05-15T07:01:29","modified_gmt":"2022-05-15T07:01:29","slug":"privacy-policy","status":"publish","type":"page","link":"https:\/\/projects.backyard.ae\/fr\/politique-de-confidentialite\/","title":{"rendered":"Politique de confidentialit\u00e9"},"content":{"rendered":"\t\t<div data-elementor-type=\"wp-page\" data-elementor-id=\"3941\" data-post-id=\"3941\" data-obj-id=\"3941\" class=\"elementor elementor-3941 dce-elementor-post-3941 elementor-2912\" data-elementor-post-type=\"page\">\n\t\t\t\t\t\t<div class=\"elementor-inner\">\n\t\t\t\t<div class=\"elementor-section-wrap\">\n\t\t\t\t\t\t\t\t\t<section data-dce-background-color=\"#0E0E0E\" data-dce-background-overlay-image-url=\"https:\/\/projects.backyard.ae\/wp-content\/uploads\/2022\/04\/sean-pollock-PhYq704ffdA-unsplash-1.jpg\" class=\"elementor-section elementor-top-section elementor-element elementor-element-ff50d97 elementor-section-boxed elementor-section-height-default elementor-section-height-default\" data-id=\"ff50d97\" data-element_type=\"section\" data-settings=\"{&quot;background_background&quot;:&quot;classic&quot;}\">\n\t\t\t\t\t\t\t<div class=\"elementor-background-overlay\"><\/div>\n\t\t\t\t\t\t\t<div class=\"elementor-container elementor-column-gap-default\">\n\t\t\t\t\t\t\t<div class=\"elementor-row\">\n\t\t\t\t\t<div class=\"elementor-column elementor-col-100 elementor-top-column elementor-element elementor-element-b3cc859\" data-id=\"b3cc859\" data-element_type=\"column\">\n\t\t\t<div class=\"elementor-column-wrap elementor-element-populated\">\n\t\t\t\t\t\t\t<div class=\"elementor-widget-wrap\">\n\t\t\t\t\t\t<div class=\"elementor-element elementor-element-4e41dc0 elementor-widget elementor-widget-heading\" data-id=\"4e41dc0\" data-element_type=\"widget\" data-widget_type=\"heading.default\">\n\t\t\t\t<div class=\"elementor-widget-container\">\n\t\t\t<h1 class=\"elementor-heading-title elementor-size-default\">Politique de confidentialit\u00e9<\/h1>\t\t<\/div>\n\t\t\t\t<\/div>\n\t\t\t\t<div class=\"elementor-element elementor-element-6986f92 elementor-icon-list--layout-inline elementor-align-center elementor-list-item-link-full_width elementor-widget elementor-widget-icon-list\" data-id=\"6986f92\" data-element_type=\"widget\" data-widget_type=\"icon-list.default\">\n\t\t\t\t<div class=\"elementor-widget-container\">\n\t\t\t\t\t<ul class=\"elementor-icon-list-items elementor-inline-items\">\n\t\t\t\t\t\t\t<li class=\"elementor-icon-list-item elementor-inline-item\">\n\t\t\t\t\t\t\t\t\t\t\t<a href=\"\/\">\n\n\t\t\t\t\t\t\t\t\t\t\t<span class=\"elementor-icon-list-text\">Home<\/span>\n\t\t\t\t\t\t\t\t\t\t\t<\/a>\n\t\t\t\t\t\t\t\t\t<\/li>\n\t\t\t\t\t\t\t\t<li class=\"elementor-icon-list-item elementor-inline-item\">\n\t\t\t\t\t\t\t\t\t\t\t<span class=\"elementor-icon-list-icon\">\n\t\t\t\t\t\t\t<i aria-hidden=\"true\" class=\"fas fa-chevron-right\"><\/i>\t\t\t\t\t\t<\/span>\n\t\t\t\t\t\t\t\t\t\t<span class=\"elementor-icon-list-text\">Politique de confidentialit\u00e9<\/span>\n\t\t\t\t\t\t\t\t\t<\/li>\n\t\t\t\t\t\t<\/ul>\n\t\t\t\t<\/div>\n\t\t\t\t<\/div>\n\t\t\t\t\t\t<\/div>\n\t\t\t\t\t<\/div>\n\t\t<\/div>\n\t\t\t\t\t\t\t\t<\/div>\n\t\t\t\t\t<\/div>\n\t\t<\/section>\n\t\t\t\t<section class=\"elementor-section elementor-top-section elementor-element elementor-element-f1b8036 elementor-section-boxed elementor-section-height-default elementor-section-height-default\" data-id=\"f1b8036\" data-element_type=\"section\">\n\t\t\t\t\t\t<div class=\"elementor-container elementor-column-gap-default\">\n\t\t\t\t\t\t\t<div class=\"elementor-row\">\n\t\t\t\t\t<div class=\"elementor-column elementor-col-100 elementor-top-column elementor-element elementor-element-3e88a6a\" data-id=\"3e88a6a\" data-element_type=\"column\">\n\t\t\t<div class=\"elementor-column-wrap elementor-element-populated\">\n\t\t\t\t\t\t\t<div class=\"elementor-widget-wrap\">\n\t\t\t\t\t\t<div class=\"elementor-element elementor-element-4045e22 elementor-widget elementor-widget-text-editor\" data-id=\"4045e22\" data-element_type=\"widget\" data-widget_type=\"text-editor.default\">\n\t\t\t\t<div class=\"elementor-widget-container\">\n\t\t\t\t\t\t\t\t<div class=\"elementor-text-editor elementor-clearfix\">\n\t\t\t\tBACKYARD Real Estate respecte votre vie priv\u00e9e et s&rsquo;engage \u00e0 la prot\u00e9ger en nous conformant \u00e0 cette politique.\n\nCette politique d\u00e9crit les types d&rsquo;informations que nous pouvons recueillir aupr\u00e8s de vous ou que vous pouvez fournir lorsque vous visitez le site Web www.emaar.com (notre \u00ab site Web \u00bb) et nos pratiques de collecte, d&rsquo;utilisation, de conservation, de protection et de divulgation de ces informations.\n\nCette politique s&rsquo;applique aux informations que nous collectons\u00a0:\n<ul>\n <li>Sur ce site Web.<\/li>\n <li>Dans les e-mails, SMS et autres messages \u00e9lectroniques entre vous et ce site Web.<\/li>\n <li>Gr\u00e2ce aux applications mobiles et de bureau que vous pouvez t\u00e9l\u00e9charger \u00e0 partir de ce site Web, qui fournissent une interaction d\u00e9di\u00e9e non bas\u00e9e sur un navigateur entre vous et ce site Web.<\/li>\n <li>Lorsque vous interagissez avec nos publicit\u00e9s et applications sur des sites Web et services tiers, si ces applications ou publicit\u00e9s incluent des liens vers cette politique.<\/li>\n<\/ul>\n<strong>INFORMATIONS QUE NOUS COLLECTONS SUR VOUS ET COMMENT NOUS LES COLLECTONS<\/strong>\n<p class=\"has-text-color has-luminous-vivid-amber-color\">Nous recueillons plusieurs types d&rsquo;informations de et sur les utilisateurs de notre site Web, y compris des informations\u00a0:<\/p>\n\n<ul>\n <li>par lesquels vous pouvez \u00eatre personnellement identifi\u00e9, comme votre nom, votre adresse postale, votre adresse e-mail, votre num\u00e9ro de passeport, votre identifiant de propri\u00e9t\u00e9 ou votre num\u00e9ro de t\u00e9l\u00e9phone (\u00ab\u00a0informations personnelles\u00a0\u00bb)<\/li>\n <li>qui vous concerne mais ne vous identifie pas individuellement\u00a0; et\/ou<\/li>\n <li>concernant votre connexion Internet, l&rsquo;\u00e9quipement que vous utilisez pour acc\u00e9der \u00e0 notre site Web et les d\u00e9tails d&rsquo;utilisation.<\/li>\n<\/ul>\n<p class=\"has-text-color has-luminous-vivid-amber-color\">Nous collectons ces informations\u00a0:<\/p>\n\n<ul>\n <li>Directement aupr\u00e8s de vous lorsque vous nous les fournissez.<\/li>\n <li>Automatiquement lorsque vous naviguez sur le site. Les informations collect\u00e9es automatiquement peuvent inclure des d\u00e9tails d&rsquo;utilisation, des adresses IP et des informations collect\u00e9es via des cookies, des balises Web et d&rsquo;autres technologies de suivi.<\/li>\n<\/ul>\n<strong>COMMENT NOUS UTILISONS VOS INFORMATIONS<\/strong>\n<p class=\"has-text-color has-luminous-vivid-amber-color\">Nous utilisons les informations que nous collectons \u00e0 votre sujet ou que vous nous fournissez, y compris toute information personnelle\u00a0:<\/p>\n\n<ul>\n <li>Pour vous pr\u00e9senter notre site Web et son contenu.<\/li>\n <li>Pour vous fournir les informations ou les services que vous nous demandez.<\/li>\n <li>Pour r\u00e9pondre \u00e0 toute autre fin pour laquelle vous les fournissez.<\/li>\n <li>Pour vous fournir des avis, y compris des avis d&rsquo;expiration, de facturation et de renouvellement.<\/li>\n <li>Pour remplir nos obligations et faire valoir nos droits d\u00e9coulant de tout contrat conclu entre vous et nous, y compris pour la facturation et le recouvrement.<\/li>\n <li>Pour vous informer des modifications apport\u00e9es \u00e0 notre site Web ou \u00e0 tout projet ou service que nous proposons ou fournissons.<\/li>\n <li>Pour vous permettre de participer \u00e0 des fonctionnalit\u00e9s interactives sur notre site Web.<\/li>\n <li>De toute autre mani\u00e8re, nous pouvons d\u00e9crire le moment o\u00f9 vous fournissez les informations.<\/li>\n <li>\u00c0 toute autre fin avec votre consentement.<\/li>\n<\/ul>\n<p class=\"has-text-color has-luminous-vivid-amber-color\">Nous pouvons \u00e9galement utiliser vos informations pour vous contacter au sujet de nos propres projets et services et de ceux de tiers susceptibles de vous int\u00e9resser. Si vous ne souhaitez pas que nous utilisions vos informations de cette mani\u00e8re, veuillez nous contacter \u00e0\u00a0<a href=\"mailto:customerinfo@emaar.ae\">customerinfo@emaar.ae<\/a><\/p>\n<strong>CHOIX SUR LA FA\u00c7ON DONT NOUS UTILISONS ET DIVULGUONS VOS INFORMATIONS<\/strong>\n<p class=\"has-text-color has-luminous-vivid-amber-color\">Nous nous effor\u00e7ons de vous offrir des choix concernant les informations personnelles que vous nous fournissez. Nous avons cr\u00e9\u00e9 des m\u00e9canismes pour vous fournir le contr\u00f4le suivant sur vos informations\u00a0:<\/p>\n\n<ul>\n <li>Technologies de suivi et publicit\u00e9. Vous pouvez configurer votre navigateur pour qu&rsquo;il refuse tout ou partie des cookies du navigateur, ou qu&rsquo;il vous avertisse lorsque des cookies sont envoy\u00e9s. Si vous d\u00e9sactivez ou refusez les cookies, veuillez noter que certaines parties de ce site peuvent alors \u00eatre inaccessibles ou ne pas fonctionner correctement.<\/li>\n <li>Divulgation de vos informations \u00e0 des fins publicitaires tierces. Si vous ne souhaitez pas que nous partagions vos informations personnelles avec des tiers non affili\u00e9s ou non agents \u00e0 des fins promotionnelles, vous pouvez vous d\u00e9sinscrire en nous envoyant un e-mail indiquant votre demande \u00e0\u00a0<a href=\"mailto:INFO@BACKYARD. AE\">INFO@BACKYARD.AE<\/a><\/li>\n <li>Offres promotionnelles de la Soci\u00e9t\u00e9. Si vous ne souhaitez pas que votre adresse e-mail ou vos coordonn\u00e9es soient utilis\u00e9es par la Soci\u00e9t\u00e9 pour promouvoir nos propres projets ou services ou ceux de tiers, vous pouvez vous d\u00e9sinscrire en nous envoyant un e-mail indiquant votre demande \u00e0\u00a0<a href =\"mailto:INFO@BACKYARD.AE\">INFO@BACKYARD.AE<\/a><\/li>\n<\/ul>\n<strong>ACC\u00c9DER ET CORRIGER VOS INFORMATIONS<\/strong>\n<p class=\"has-text-color has-luminous-vivid-amber-color\">Vous pouvez consulter et modifier vos informations personnelles en vous connectant aux services en ligne du site Web. Vous pouvez \u00e9galement demander la mise \u00e0 jour des informations personnelles que nous d\u00e9tenons \u00e0 votre sujet en nous contactant \u00e0\u00a0<a href=\"mailto:INFO@BACKYARD.AE\">INFO@BACKYARD.AE<\/a><\/p>\n<strong>S\u00c9CURIT\u00c9 DES DONN\u00c9ES<\/strong>\n\n\nNous avons mis en place des mesures con\u00e7ues pour prot\u00e9ger vos informations personnelles contre la perte accidentelle et contre l&rsquo;acc\u00e8s, l&rsquo;utilisation, la modification et la divulgation non autoris\u00e9s. Toutes les informations que vous nous fournissez sont stock\u00e9es sur nos serveurs s\u00e9curis\u00e9s derri\u00e8re des pare-feux. Toutes les transactions de paiement seront crypt\u00e9es \u00e0 l&rsquo;aide de la technologie SSL.\n\nLa s\u00fbret\u00e9 et la s\u00e9curit\u00e9 de vos informations d\u00e9pendent \u00e9galement de vous. Lorsque nous vous avons donn\u00e9 (ou lorsque vous avez choisi) un mot de passe pour acc\u00e9der \u00e0 certaines parties de notre site Web, vous \u00eates responsable de la confidentialit\u00e9 de ce mot de passe. Nous vous demandons de ne partager votre mot de passe avec personne.\n\nMalheureusement, la transmission d&rsquo;informations via Internet n&rsquo;est pas totalement s\u00e9curis\u00e9e.\nBien que nous fassions de notre mieux pour prot\u00e9ger vos informations personnelles, nous ne pouvons garantir la s\u00e9curit\u00e9 de vos informations personnelles transmises \u00e0 notre site Web. Toute transmission d&rsquo;informations personnelles se fait \u00e0 vos risques et p\u00e9rils. Nous ne sommes pas responsables du contournement des param\u00e8tres de confidentialit\u00e9 ou des mesures de s\u00e9curit\u00e9 contenus sur le site Web.\n<div class=\"wp-block-column\">\n<ul>\n <li>Cela ne s&rsquo;applique pas aux informations collect\u00e9es par\u00a0:<\/li>\n <li>Nous hors ligne ou par tout autre moyen, y compris tout autre site Web exploit\u00e9 par un tiers\u00a0; ou<\/li>\n <li>Tout tiers, y compris par le biais de toute application ou contenu (y compris la publicit\u00e9) pouvant \u00eatre li\u00e9 au site Web.<\/li>\n <li>Veuillez lire attentivement cette politique pour comprendre nos politiques et pratiques concernant vos informations et comment nous les traiterons. Si vous n&rsquo;\u00eates pas d&rsquo;accord avec nos politiques et pratiques, votre choix est de ne pas utiliser notre site Web.<\/li>\n<\/ul>\nEn acc\u00e9dant ou en utilisant ce site Web, vous acceptez cette politique de confidentialit\u00e9.\n\nCette politique peut changer de temps \u00e0 autre. Votre utilisation continue de ce site Web apr\u00e8s que nous ayons apport\u00e9 des modifications est consid\u00e9r\u00e9e comme une acceptation de ces modifications, veuillez donc v\u00e9rifier p\u00e9riodiquement la politique pour les mises \u00e0 jour.\n\n<strong>D\u00c9TAILS D&rsquo;UTILISATION, ADRESSES IP, COOKIES ET AUTRES TECHNOLOGIES<\/strong>\n<p class=\"has-text-color has-luminous-vivid-amber-color\">Lorsque vous naviguez et interagissez avec notre site Web, nous pouvons collecter automatiquement certaines informations sur votre \u00e9quipement, vos actions et vos habitudes de navigation, notamment\u00a0:<\/ p>\n\n<ul>\n <li>Les d\u00e9tails de vos visites sur notre site Web, y compris les donn\u00e9es de trafic, les donn\u00e9es de localisation, les journaux et autres donn\u00e9es de communication et les ressources auxquelles vous acc\u00e9dez et que vous utilisez sur le site Web.<\/li>\n <li>Informations sur votre ordinateur et votre connexion Internet, y compris votre adresse\u00a0IP, votre syst\u00e8me d&rsquo;exploitation et votre type de navigateur.<\/li>\n<\/ul>\n<p class=\"has-text-color has-luminous-vivid-amber-color\">Les informations que nous collectons automatiquement sont des donn\u00e9es statistiques. Cela nous aide \u00e0 am\u00e9liorer notre site Web et \u00e0 fournir un service meilleur et plus personnalis\u00e9 en nous permettant de\u00a0:<\/p>\n\n<ul>\n <li>Estimer la taille de notre audience et les mod\u00e8les d&rsquo;utilisation<\/li>\n <li>Stocker des informations sur vos pr\u00e9f\u00e9rences, nous permettant de personnaliser notre site Web en fonction de vos int\u00e9r\u00eats individuels. Acc\u00e9l\u00e9rez vos recherches.<\/li>\n <li>Vous reconna\u00eetre lorsque vous revenez sur notre site Web.<\/li>\n<\/ul>\n<p class=\"has-text-color has-luminous-vivid-amber-color\">Les technologies que nous utilisons pour cette collecte automatique de donn\u00e9es peuvent inclure\u00a0:<\/p>\n\n<ul>\n <li>Cookies (ou cookies de navigateur). Un cookie est un petit fichier d\u00e9pos\u00e9 sur le disque dur de votre ordinateur. Vous pouvez refuser d&rsquo;accepter les cookies du navigateur en activant le param\u00e8tre appropri\u00e9 sur votre navigateur. Cependant, si vous s\u00e9lectionnez ce param\u00e8tre, vous ne pourrez peut-\u00eatre pas acc\u00e9der \u00e0 certaines parties de notre site Web. \u00c0 moins que vous n&rsquo;ayez r\u00e9gl\u00e9 les param\u00e8tres de votre navigateur pour qu&rsquo;il refuse les cookies, notre syst\u00e8me \u00e9mettra des cookies lorsque vous dirigerez votre navigateur vers notre site Web.<\/li>\n <li>Cookies Flash. Certaines fonctionnalit\u00e9s de notre site Web peuvent utiliser des objets stock\u00e9s locaux (ou cookies Flash) pour collecter et stocker des informations sur vos pr\u00e9f\u00e9rences et votre navigation vers, depuis et sur notre site Web. Les cookies Flash ne sont pas g\u00e9r\u00e9s par les m\u00eames param\u00e8tres de navigateur que ceux utilis\u00e9s pour les cookies de navigateur.<\/li>\n<\/ul>\n<strong>DIVULGATION DE VOS INFORMATIONS<\/strong>\n<p class=\"has-text-color has-luminous-vivid-amber-color\">Nous pouvons divulguer des informations agr\u00e9g\u00e9es sur nos utilisateurs et des informations qui n&rsquo;identifient aucun individu, sans restriction.<\/p>\n<p class=\"has-text-color has-luminous-vivid-amber-color\">Nous pouvons divulguer les informations personnelles que nous collectons ou que vous fournissez comme d\u00e9crit dans cette politique de confidentialit\u00e9\u00a0:<\/p>\n\n<ul>\n \t<li>\u00c0 nos filiales et soci\u00e9t\u00e9s affili\u00e9es.<\/li>\n <li>Aux sous-traitants, prestataires de services et autres tiers auxquels nous faisons appel pour soutenir notre activit\u00e9.<\/li>\n <li>\u00c0 un acqu\u00e9reur ou autre successeur en cas de fusion, cession, restructuration, r\u00e9organisation, dissolution ou autre vente ou transfert de tout ou partie des actifs de la Soci\u00e9t\u00e9, que ce soit dans le cadre de la continuit\u00e9 d&rsquo;exploitation ou dans le cadre d&rsquo;une faillite, liquidation ou proc\u00e9dure similaire, dans laquelle les informations personnelles d\u00e9tenues par la Soci\u00e9t\u00e9 sur les utilisateurs de notre site Web font partie des actifs transf\u00e9r\u00e9s.<\/li>\n <li>Afin d&rsquo;atteindre l&rsquo;objectif pour lequel vous les fournissez.<\/li>\n <li>Pour toute autre fin divulgu\u00e9e par nous lorsque vous fournissez les informations.<\/li>\n <li>Avec votre consentement.<\/li>\n<\/ul>\n<p class=\"has-text-color has-luminous-vivid-amber-color\">Nous pouvons \u00e9galement divulguer vos informations personnelles\u00a0:<\/p>\n\n<ul>\n <li>Pour se conformer \u00e0 toute d\u00e9cision de justice, loi ou proc\u00e9dure judiciaire, y compris pour r\u00e9pondre \u00e0 toute demande gouvernementale ou r\u00e9glementaire.<\/li>\n <li>Pour faire respecter ou appliquer nos conditions d&rsquo;utilisation ou nos conditions de vente et autres accords, y compris \u00e0 des fins de facturation et de recouvrement.<\/li>\n <li>Si nous pensons que la divulgation est n\u00e9cessaire ou appropri\u00e9e pour prot\u00e9ger les droits, la propri\u00e9t\u00e9 ou la s\u00e9curit\u00e9 de la Soci\u00e9t\u00e9, de nos clients ou d&rsquo;autres personnes. Cela inclut l&rsquo;\u00e9change d&rsquo;informations avec d&rsquo;autres soci\u00e9t\u00e9s et organisations \u00e0 des fins de protection contre la fraude et de r\u00e9duction du risque de cr\u00e9dit.<\/li>\n<\/ul>\n<strong>MODIFICATIONS DE NOTRE POLITIQUE DE CONFIDENTIALIT\u00c9<\/strong>\n\nNotre politique est de publier toute modification que nous apportons \u00e0 notre politique de confidentialit\u00e9 sur cette page. La date \u00e0 laquelle la politique de confidentialit\u00e9 a \u00e9t\u00e9 r\u00e9vis\u00e9e pour la derni\u00e8re fois est identifi\u00e9e en haut de la page. Vous \u00eates responsable de visiter p\u00e9riodiquement notre site Web et cette politique de confidentialit\u00e9 pour v\u00e9rifier tout changement.\n\n<strong>COORDONN\u00c9ES<\/strong>\n\nSi vous avez des questions ou des commentaires concernant cette politique de confidentialit\u00e9 et nos pratiques de confidentialit\u00e9, contactez-nous \u00e0\u00a0<a href=\"mailto:INFO@BACKYARD.AE\">INFO@BACKYARD.AE<\/a>\n\n<\/div>\t\t\t\t\t<\/div>\n\t\t\t\t\t\t<\/div>\n\t\t\t\t<\/div>\n\t\t\t\t\t\t<\/div>\n\t\t\t\t\t<\/div>\n\t\t<\/div>\n\t\t\t\t\t\t\t\t<\/div>\n\t\t\t\t\t<\/div>\n\t\t<\/section>\n\t\t\t\t\t\t\t\t\t<\/div>\n\t\t\t<\/div>\n\t\t\t\t\t<\/div>\n\t\t","protected":false},"excerpt":{"rendered":"<p>Home BACKYARD Real Estate respecte votre vie priv\u00e9e et s&rsquo;engage \u00e0 la prot\u00e9ger en nous conformant \u00e0 cette politique. Cette politique d\u00e9crit les types d&rsquo;informations que nous pouvons recueillir aupr\u00e8s de vous ou que vous pouvez fournir lorsque vous visitez le site Web www.emaar.com (notre \u00ab site Web \u00bb) et nos pratiques de collecte, d&rsquo;utilisation, [&hellip;]<\/p>\n","protected":false},"author":1,"featured_media":0,"parent":0,"menu_order":0,"comment_status":"closed","ping_status":"closed","template":"elementor_header_footer","meta":{"_daextam_enable_autolinks":"1","footnotes":""},"class_list":["post-3941","page","type-page","status-publish","hentry"],"acf":[],"_links":{"self":[{"href":"https:\/\/projects.backyard.ae\/fr\/wp-json\/wp\/v2\/pages\/3941","targetHints":{"allow":["GET"]}}],"collection":[{"href":"https:\/\/projects.backyard.ae\/fr\/wp-json\/wp\/v2\/pages"}],"about":[{"href":"https:\/\/projects.backyard.ae\/fr\/wp-json\/wp\/v2\/types\/page"}],"author":[{"embeddable":true,"href":"https:\/\/projects.backyard.ae\/fr\/wp-json\/wp\/v2\/users\/1"}],"replies":[{"embeddable":true,"href":"https:\/\/projects.backyard.ae\/fr\/wp-json\/wp\/v2\/comments?post=3941"}],"version-history":[{"count":7,"href":"https:\/\/projects.backyard.ae\/fr\/wp-json\/wp\/v2\/pages\/3941\/revisions"}],"predecessor-version":[{"id":3949,"href":"https:\/\/projects.backyard.ae\/fr\/wp-json\/wp\/v2\/pages\/3941\/revisions\/3949"}],"wp:attachment":[{"href":"https:\/\/projects.backyard.ae\/fr\/wp-json\/wp\/v2\/media?parent=3941"}],"curies":[{"name":"wp","href":"https:\/\/api.w.org\/{rel}","templated":true}]}}