{"id":3930,"date":"2022-04-05T21:42:59","date_gmt":"2022-04-05T21:42:59","guid":{"rendered":"https:\/\/projects.backyard.ae\/about-us\/"},"modified":"2022-05-15T07:41:27","modified_gmt":"2022-05-15T07:41:27","slug":"about-us","status":"publish","type":"page","link":"https:\/\/projects.backyard.ae\/fr\/a-propos\/","title":{"rendered":"\u00c0 propos de nous"},"content":{"rendered":"\t\t<div data-elementor-type=\"wp-page\" data-elementor-id=\"3930\" data-post-id=\"3930\" data-obj-id=\"3930\" class=\"elementor elementor-3930 dce-elementor-post-3930 elementor-208\" data-elementor-post-type=\"page\">\n\t\t\t\t\t\t<div class=\"elementor-inner\">\n\t\t\t\t<div class=\"elementor-section-wrap\">\n\t\t\t\t\t\t\t\t\t<section data-dce-background-color=\"#0E0E0E\" data-dce-background-overlay-image-url=\"https:\/\/projects.backyard.ae\/wp-content\/uploads\/2022\/04\/sean-pollock-PhYq704ffdA-unsplash-1.jpg\" class=\"elementor-section elementor-top-section elementor-element elementor-element-526075fb elementor-section-boxed elementor-section-height-default elementor-section-height-default\" data-id=\"526075fb\" data-element_type=\"section\" data-settings=\"{&quot;background_background&quot;:&quot;classic&quot;}\">\n\t\t\t\t\t\t\t<div class=\"elementor-background-overlay\"><\/div>\n\t\t\t\t\t\t\t<div class=\"elementor-container elementor-column-gap-default\">\n\t\t\t\t\t\t\t<div class=\"elementor-row\">\n\t\t\t\t\t<div class=\"elementor-column elementor-col-100 elementor-top-column elementor-element elementor-element-1ba7ec83\" data-id=\"1ba7ec83\" data-element_type=\"column\">\n\t\t\t<div class=\"elementor-column-wrap elementor-element-populated\">\n\t\t\t\t\t\t\t<div class=\"elementor-widget-wrap\">\n\t\t\t\t\t\t<div class=\"elementor-element elementor-element-79ff5d96 elementor-widget elementor-widget-heading\" data-id=\"79ff5d96\" data-element_type=\"widget\" data-widget_type=\"heading.default\">\n\t\t\t\t<div class=\"elementor-widget-container\">\n\t\t\t<h1 class=\"elementor-heading-title elementor-size-default\">\u00c0 propos de nous<\/h1>\t\t<\/div>\n\t\t\t\t<\/div>\n\t\t\t\t<div class=\"elementor-element elementor-element-44a9a81 elementor-icon-list--layout-inline elementor-align-center elementor-list-item-link-full_width elementor-widget elementor-widget-icon-list\" data-id=\"44a9a81\" data-element_type=\"widget\" data-widget_type=\"icon-list.default\">\n\t\t\t\t<div class=\"elementor-widget-container\">\n\t\t\t\t\t<ul class=\"elementor-icon-list-items elementor-inline-items\">\n\t\t\t\t\t\t\t<li class=\"elementor-icon-list-item elementor-inline-item\">\n\t\t\t\t\t\t\t\t\t\t\t<a href=\"\/fr\/\">\n\n\t\t\t\t\t\t\t\t\t\t\t<span class=\"elementor-icon-list-text\">Accueil<\/span>\n\t\t\t\t\t\t\t\t\t\t\t<\/a>\n\t\t\t\t\t\t\t\t\t<\/li>\n\t\t\t\t\t\t\t\t<li class=\"elementor-icon-list-item elementor-inline-item\">\n\t\t\t\t\t\t\t\t\t\t\t<span class=\"elementor-icon-list-icon\">\n\t\t\t\t\t\t\t<i aria-hidden=\"true\" class=\"fas fa-chevron-right\"><\/i>\t\t\t\t\t\t<\/span>\n\t\t\t\t\t\t\t\t\t\t<span class=\"elementor-icon-list-text\">\u00c0 propos de nous<\/span>\n\t\t\t\t\t\t\t\t\t<\/li>\n\t\t\t\t\t\t<\/ul>\n\t\t\t\t<\/div>\n\t\t\t\t<\/div>\n\t\t\t\t\t\t<\/div>\n\t\t\t\t\t<\/div>\n\t\t<\/div>\n\t\t\t\t\t\t\t\t<\/div>\n\t\t\t\t\t<\/div>\n\t\t<\/section>\n\t\t\t\t<section data-dce-background-color=\"#FFFFFF\" class=\"elementor-section elementor-top-section elementor-element elementor-element-c4589d6 elementor-section-boxed elementor-section-height-default elementor-section-height-default\" data-id=\"c4589d6\" data-element_type=\"section\" data-settings=\"{&quot;background_background&quot;:&quot;classic&quot;}\">\n\t\t\t\t\t\t<div class=\"elementor-container elementor-column-gap-default\">\n\t\t\t\t\t\t\t<div class=\"elementor-row\">\n\t\t\t\t\t<div class=\"elementor-column elementor-col-50 elementor-top-column elementor-element elementor-element-372c083\" data-id=\"372c083\" data-element_type=\"column\">\n\t\t\t<div class=\"elementor-column-wrap elementor-element-populated\">\n\t\t\t\t\t\t\t<div class=\"elementor-widget-wrap\">\n\t\t\t\t\t\t<div class=\"elementor-element elementor-element-c92c0a1 elementor-widget elementor-widget-heading\" data-id=\"c92c0a1\" data-element_type=\"widget\" data-widget_type=\"heading.default\">\n\t\t\t\t<div class=\"elementor-widget-container\">\n\t\t\t<h2 class=\"elementor-heading-title elementor-size-default\"><span style=\"color:black\">\u00c9tabli dans l'ann\u00e9e<\/span> <b>2012<\/b><\/h2>\t\t<\/div>\n\t\t\t\t<\/div>\n\t\t\t\t<div class=\"elementor-element elementor-element-cd37299 elementor-widget elementor-widget-text-editor\" data-id=\"cd37299\" data-element_type=\"widget\" data-widget_type=\"text-editor.default\">\n\t\t\t\t<div class=\"elementor-widget-container\">\n\t\t\t\t\t\t\t\t<div class=\"elementor-text-editor elementor-clearfix\">\n\t\t\t\t<p>Nous recherchons et fournissons un large mode de service One Stop Property Solution \u00e0 tous nos pr\u00e9cieux clients. Backyard Real Estate a soutenu sa croissance avec tous les efforts et l&rsquo;excellence pour fournir le meilleur de ses services sur le march\u00e9 que tout autre \u00e9tablissement immobilier.<\/p>\t\t\t\t\t<\/div>\n\t\t\t\t\t\t<\/div>\n\t\t\t\t<\/div>\n\t\t\t\t\t\t<\/div>\n\t\t\t\t\t<\/div>\n\t\t<\/div>\n\t\t\t\t<div class=\"elementor-column elementor-col-50 elementor-top-column elementor-element elementor-element-f9c1e4a\" data-id=\"f9c1e4a\" data-element_type=\"column\">\n\t\t\t<div class=\"elementor-column-wrap elementor-element-populated\">\n\t\t\t\t\t\t\t<div class=\"elementor-widget-wrap\">\n\t\t\t\t\t\t<div class=\"elementor-element elementor-element-8bcb2b6 elementor-widget elementor-widget-video\" data-id=\"8bcb2b6\" data-element_type=\"widget\" data-settings=\"{&quot;youtube_url&quot;:&quot;https:\\\/\\\/www.youtube.com\\\/watch?v=CvSG0ZaiR00&quot;,&quot;lazy_load&quot;:&quot;yes&quot;,&quot;show_image_overlay&quot;:&quot;yes&quot;,&quot;image_overlay&quot;:{&quot;url&quot;:&quot;https:\\\/\\\/projects.backyard.ae\\\/wp-content\\\/uploads\\\/2022\\\/04\\\/backyard-video-cover.jpg&quot;,&quot;id&quot;:218,&quot;size&quot;:&quot;&quot;,&quot;alt&quot;:&quot;&quot;,&quot;source&quot;:&quot;library&quot;},&quot;video_type&quot;:&quot;youtube&quot;,&quot;controls&quot;:&quot;yes&quot;}\" data-widget_type=\"video.default\">\n\t\t\t\t<div class=\"elementor-widget-container\">\n\t\t\t\t\t<div class=\"elementor-wrapper elementor-open-inline\">\n\t\t\t<div class=\"elementor-video\"><\/div>\t\t\t\t<div class=\"elementor-custom-embed-image-overlay\" style=\"background-image: url(https:\/\/projects.backyard.ae\/wp-content\/uploads\/2022\/04\/backyard-video-cover.jpg);\">\n\t\t\t\t\t\t\t\t\t\t\t\t\t\t\t\t<div class=\"elementor-custom-embed-play\" role=\"button\" aria-label=\"Lire la vid\u00e9o\" tabindex=\"0\">\n\t\t\t\t\t\t\t<i aria-hidden=\"true\" class=\"eicon-play\"><\/i>\t\t\t\t\t\t\t<span class=\"elementor-screen-only\">Lire la vid\u00e9o<\/span>\n\t\t\t\t\t\t<\/div>\n\t\t\t\t\t\t\t\t\t<\/div>\n\t\t\t\t\t<\/div>\n\t\t\t\t<\/div>\n\t\t\t\t<\/div>\n\t\t\t\t\t\t<\/div>\n\t\t\t\t\t<\/div>\n\t\t<\/div>\n\t\t\t\t\t\t\t\t<\/div>\n\t\t\t\t\t<\/div>\n\t\t<\/section>\n\t\t\t\t<section data-dce-background-overlay-image-url=\"https:\/\/projects.backyard.ae\/wp-content\/uploads\/2022\/04\/tree-1_vectorized.png\" class=\"elementor-section elementor-top-section elementor-element elementor-element-23f2efd3 elementor-section-boxed elementor-section-height-default elementor-section-height-default\" data-id=\"23f2efd3\" data-element_type=\"section\" data-settings=\"{&quot;background_background&quot;:&quot;classic&quot;}\">\n\t\t\t\t\t\t\t<div class=\"elementor-background-overlay\"><\/div>\n\t\t\t\t\t\t\t<div class=\"elementor-container elementor-column-gap-no\">\n\t\t\t\t\t\t\t<div class=\"elementor-row\">\n\t\t\t\t\t<div class=\"elementor-column elementor-col-100 elementor-top-column elementor-element elementor-element-b47237e\" data-id=\"b47237e\" data-element_type=\"column\">\n\t\t\t<div class=\"elementor-column-wrap elementor-element-populated\">\n\t\t\t\t\t\t\t<div class=\"elementor-widget-wrap\">\n\t\t\t\t\t\t<section class=\"elementor-section elementor-inner-section elementor-element elementor-element-70954b5a elementor-section-boxed elementor-section-height-default elementor-section-height-default\" data-id=\"70954b5a\" data-element_type=\"section\">\n\t\t\t\t\t\t<div class=\"elementor-container elementor-column-gap-default\">\n\t\t\t\t\t\t\t<div class=\"elementor-row\">\n\t\t\t\t\t<div class=\"elementor-column elementor-col-100 elementor-inner-column elementor-element elementor-element-40d1bbb9 elementor-invisible\" data-id=\"40d1bbb9\" data-element_type=\"column\" data-settings=\"{&quot;animation&quot;:&quot;fadeInUp&quot;}\">\n\t\t\t<div class=\"elementor-column-wrap elementor-element-populated\">\n\t\t\t\t\t\t\t<div class=\"elementor-widget-wrap\">\n\t\t\t\t\t\t<div class=\"elementor-element elementor-element-285a4431 elementor-invisible elementor-widget elementor-widget-heading\" data-id=\"285a4431\" data-element_type=\"widget\" data-settings=\"{&quot;_animation&quot;:&quot;fadeIn&quot;,&quot;_animation_delay&quot;:500}\" data-widget_type=\"heading.default\">\n\t\t\t\t<div class=\"elementor-widget-container\">\n\t\t\t<h2 class=\"elementor-heading-title elementor-size-default\">Les c\u00e9s BACKYARD <span style=\"color:white\">pour une rentabilit\u00e9 \u00e0 long terme sont les suivantes\u00a0:<\/span><\/h2>\t\t<\/div>\n\t\t\t\t<\/div>\n\t\t\t\t<div class=\"elementor-element elementor-element-4df487f3 elementor-invisible elementor-widget elementor-widget-text-editor\" data-id=\"4df487f3\" data-element_type=\"widget\" data-settings=\"{&quot;_animation&quot;:&quot;fadeIn&quot;,&quot;_animation_delay&quot;:550}\" data-widget_type=\"text-editor.default\">\n\t\t\t\t<div class=\"elementor-widget-container\">\n\t\t\t\t\t\t\t\t<div class=\"elementor-text-editor elementor-clearfix\">\n\t\t\t\t<ul><li>\u00c9tablir et maintenir des contacts \u00e9troits avec les services d&rsquo;inscription de biens immobiliers r\u00e9sidentiels et commerciaux, et toutes les autres organisations de services que BACKYARD utilise pour d\u00e9velopper son portefeuille de produits.<\/li><li>Maintenir un contact \u00e9troit avec les clients et \u00e9tablir une relation \u00e0 long terme qui fonctionne bien avec eux pour g\u00e9n\u00e9rer des affaires r\u00e9p\u00e9t\u00e9es et obtenir une r\u00e9putation de premier ordre.<\/li><li>\u00c9tablir une exp\u00e9rience de service compl\u00e8te pour nos clients qui comprend la consultation, la proposition, l&rsquo;assistance \u00e0 la vente et \u00e0 la location, l&rsquo;exp\u00e9rience du march\u00e9<\/li><\/ul>\t\t\t\t\t<\/div>\n\t\t\t\t\t\t<\/div>\n\t\t\t\t<\/div>\n\t\t\t\t\t\t<\/div>\n\t\t\t\t\t<\/div>\n\t\t<\/div>\n\t\t\t\t\t\t\t\t<\/div>\n\t\t\t\t\t<\/div>\n\t\t<\/section>\n\t\t\t\t\t\t<\/div>\n\t\t\t\t\t<\/div>\n\t\t<\/div>\n\t\t\t\t\t\t\t\t<\/div>\n\t\t\t\t\t<\/div>\n\t\t<\/section>\n\t\t\t\t<section class=\"elementor-section elementor-top-section elementor-element elementor-element-750a6e2b elementor-section-boxed elementor-section-height-default elementor-section-height-default\" data-id=\"750a6e2b\" data-element_type=\"section\">\n\t\t\t\t\t\t<div class=\"elementor-container elementor-column-gap-default\">\n\t\t\t\t\t\t\t<div class=\"elementor-row\">\n\t\t\t\t\t<div class=\"elementor-column elementor-col-100 elementor-top-column elementor-element elementor-element-5683aa32\" data-id=\"5683aa32\" data-element_type=\"column\">\n\t\t\t<div class=\"elementor-column-wrap elementor-element-populated\">\n\t\t\t\t\t\t\t<div class=\"elementor-widget-wrap\">\n\t\t\t\t\t\t<section class=\"elementor-section elementor-inner-section elementor-element elementor-element-f06099d elementor-section-boxed elementor-section-height-default elementor-section-height-default\" data-id=\"f06099d\" data-element_type=\"section\">\n\t\t\t\t\t\t<div class=\"elementor-container elementor-column-gap-default\">\n\t\t\t\t\t\t\t<div class=\"elementor-row\">\n\t\t\t\t\t<div class=\"elementor-column elementor-col-50 elementor-inner-column elementor-element elementor-element-35a2a90a\" data-id=\"35a2a90a\" data-element_type=\"column\">\n\t\t\t<div class=\"elementor-column-wrap elementor-element-populated\">\n\t\t\t\t\t\t\t<div class=\"elementor-widget-wrap\">\n\t\t\t\t\t\t<div class=\"elementor-element elementor-element-cf5619c elementor-invisible elementor-widget elementor-widget-image\" data-id=\"cf5619c\" data-element_type=\"widget\" data-settings=\"{&quot;_animation&quot;:&quot;fadeInLeft&quot;}\" data-widget_type=\"image.default\">\n\t\t\t\t<div class=\"elementor-widget-container\">\n\t\t\t\t\t\t\t\t<div class=\"elementor-image\">\n\t\t\t\t\t\t\t\t\t\t\t\t<img decoding=\"async\" width=\"570\" height=\"430\" src=\"https:\/\/projects.backyard.ae\/wp-content\/uploads\/2022\/04\/banner_ab3.jpg\" class=\"attachment-full size-full wp-image-2144\" alt=\"\" srcset=\"https:\/\/projects.backyard.ae\/wp-content\/uploads\/2022\/04\/banner_ab3.jpg 570w, https:\/\/projects.backyard.ae\/wp-content\/uploads\/2022\/04\/banner_ab3-300x226.jpg 300w\" sizes=\"(max-width: 570px) 100vw, 570px\" \/>\t\t\t\t\t\t\t\t\t\t\t\t\t\t<\/div>\n\t\t\t\t\t\t<\/div>\n\t\t\t\t<\/div>\n\t\t\t\t\t\t<\/div>\n\t\t\t\t\t<\/div>\n\t\t<\/div>\n\t\t\t\t<div class=\"elementor-column elementor-col-50 elementor-inner-column elementor-element elementor-element-3602dc9f elementor-invisible\" data-id=\"3602dc9f\" data-element_type=\"column\" data-settings=\"{&quot;animation&quot;:&quot;fadeInRight&quot;}\">\n\t\t\t<div class=\"elementor-column-wrap elementor-element-populated\">\n\t\t\t\t\t\t\t<div class=\"elementor-widget-wrap\">\n\t\t\t\t\t\t<div class=\"elementor-element elementor-element-6a304e7 elementor-widget elementor-widget-heading\" data-id=\"6a304e7\" data-element_type=\"widget\" data-widget_type=\"heading.default\">\n\t\t\t\t<div class=\"elementor-widget-container\">\n\t\t\t<h2 class=\"elementor-heading-title elementor-size-default\"><span style=\"color:black\">R\u00e9sum\u00e9<\/span>\nExecutif<\/h2>\t\t<\/div>\n\t\t\t\t<\/div>\n\t\t\t\t<div class=\"elementor-element elementor-element-7657864f elementor-invisible elementor-widget elementor-widget-text-editor\" data-id=\"7657864f\" data-element_type=\"widget\" data-settings=\"{&quot;_animation&quot;:&quot;fadeInRight&quot;,&quot;_animation_delay&quot;:240}\" data-widget_type=\"text-editor.default\">\n\t\t\t\t<div class=\"elementor-widget-container\">\n\t\t\t\t\t\t\t\t<div class=\"elementor-text-editor elementor-clearfix\">\n\t\t\t\t<p>BACKYARD est une soci\u00e9t\u00e9 \u00e0 responsabilit\u00e9 limit\u00e9e enregistr\u00e9e aupr\u00e8s du D\u00e9partement du d\u00e9veloppement \u00e9conomique (DED) et du D\u00e9partement foncier de Duba\u00ef (DLD). Ses fondateurs sont M. Ahmed Nour, ancien agent de KM properties et M. Sari Safi, ancien directeur g\u00e9n\u00e9ral de Paris Prestige Properties et Clifton Real Estate. Les principaux clients de la soci\u00e9t\u00e9 seront les utilisateurs finaux \u00e0 la recherche d&rsquo;un environnement s\u00e9curis\u00e9 pour la protection de leurs \u00e9conomies. Ainsi que les investisseurs ciblant des rendements plus \u00e9lev\u00e9s sur une p\u00e9riode plus courte dans la r\u00e9gion du Moyen-Orient. \u00c9tant donn\u00e9 que M. Nour et M. Safi appartiennent \u00e0 ce contexte d\u00e9mographique et connaissent et comprennent les besoins de ce march\u00e9, nous pensons que nous pouvons attirer ces clients bien plus que la plupart des autres concurrents.<\/p>\t\t\t\t\t<\/div>\n\t\t\t\t\t\t<\/div>\n\t\t\t\t<\/div>\n\t\t\t\t\t\t<\/div>\n\t\t\t\t\t<\/div>\n\t\t<\/div>\n\t\t\t\t\t\t\t\t<\/div>\n\t\t\t\t\t<\/div>\n\t\t<\/section>\n\t\t\t\t\t\t<\/div>\n\t\t\t\t\t<\/div>\n\t\t<\/div>\n\t\t\t\t\t\t\t\t<\/div>\n\t\t\t\t\t<\/div>\n\t\t<\/section>\n\t\t\t\t<section class=\"elementor-section elementor-top-section elementor-element elementor-element-495a004 elementor-section-boxed elementor-section-height-default elementor-section-height-default\" data-id=\"495a004\" data-element_type=\"section\">\n\t\t\t\t\t\t<div class=\"elementor-container elementor-column-gap-default\">\n\t\t\t\t\t\t\t<div class=\"elementor-row\">\n\t\t\t\t\t<div class=\"elementor-column elementor-col-100 elementor-top-column elementor-element elementor-element-dd1d50b\" data-id=\"dd1d50b\" data-element_type=\"column\">\n\t\t\t<div class=\"elementor-column-wrap elementor-element-populated\">\n\t\t\t\t\t\t\t<div class=\"elementor-widget-wrap\">\n\t\t\t\t\t\t<div class=\"elementor-element elementor-element-a56c8bd elementor-widget elementor-widget-heading\" data-id=\"a56c8bd\" data-element_type=\"widget\" data-widget_type=\"heading.default\">\n\t\t\t\t<div class=\"elementor-widget-container\">\n\t\t\t<h2 class=\"elementor-heading-title elementor-size-default\">L'agence immobili\u00e8re en laquelle vous pouvez avoir confiance.<\/h2>\t\t<\/div>\n\t\t\t\t<\/div>\n\t\t\t\t\t\t<\/div>\n\t\t\t\t\t<\/div>\n\t\t<\/div>\n\t\t\t\t\t\t\t\t<\/div>\n\t\t\t\t\t<\/div>\n\t\t<\/section>\n\t\t\t\t<section class=\"elementor-section elementor-top-section elementor-element elementor-element-a1ee70f elementor-section-boxed elementor-section-height-default elementor-section-height-default\" data-id=\"a1ee70f\" data-element_type=\"section\" data-settings=\"{&quot;background_background&quot;:&quot;classic&quot;}\">\n\t\t\t\t\t\t<div class=\"elementor-container elementor-column-gap-default\">\n\t\t\t\t\t\t\t<div class=\"elementor-row\">\n\t\t\t\t\t<div class=\"elementor-column elementor-col-100 elementor-top-column elementor-element elementor-element-29e4833\" data-id=\"29e4833\" data-element_type=\"column\">\n\t\t\t<div class=\"elementor-column-wrap elementor-element-populated\">\n\t\t\t\t\t\t\t<div class=\"elementor-widget-wrap\">\n\t\t\t\t\t\t<div class=\"elementor-element elementor-element-8ab450c elementor-widget elementor-widget-heading\" data-id=\"8ab450c\" data-element_type=\"widget\" data-widget_type=\"heading.default\">\n\t\t\t\t<div class=\"elementor-widget-container\">\n\t\t\t<h2 class=\"elementor-heading-title elementor-size-default\">Vision , Mission , Valeurs<\/h2>\t\t<\/div>\n\t\t\t\t<\/div>\n\t\t\t\t<section class=\"elementor-section elementor-inner-section elementor-element elementor-element-e7159a4 elementor-section-boxed elementor-section-height-default elementor-section-height-default\" data-id=\"e7159a4\" data-element_type=\"section\">\n\t\t\t\t\t\t<div class=\"elementor-container elementor-column-gap-default\">\n\t\t\t\t\t\t\t<div class=\"elementor-row\">\n\t\t\t\t\t<div class=\"elementor-column elementor-col-50 elementor-inner-column elementor-element elementor-element-0ca9520\" data-id=\"0ca9520\" data-element_type=\"column\">\n\t\t\t<div class=\"elementor-column-wrap elementor-element-populated\">\n\t\t\t\t\t\t\t<div class=\"elementor-widget-wrap\">\n\t\t\t\t\t\t<div class=\"elementor-element elementor-element-ea09c71 elementor-invisible elementor-widget elementor-widget-heading\" data-id=\"ea09c71\" data-element_type=\"widget\" data-settings=\"{&quot;_animation&quot;:&quot;fadeIn&quot;,&quot;_animation_delay&quot;:400}\" data-widget_type=\"heading.default\">\n\t\t\t\t<div class=\"elementor-widget-container\">\n\t\t\t<h2 class=\"elementor-heading-title elementor-size-default\">Notre <span style=\"color:#FFBA1E\"> Vision<\/span><\/h2>\t\t<\/div>\n\t\t\t\t<\/div>\n\t\t\t\t<div class=\"elementor-element elementor-element-d066ac0 elementor-invisible elementor-widget elementor-widget-text-editor\" data-id=\"d066ac0\" data-element_type=\"widget\" data-settings=\"{&quot;_animation&quot;:&quot;fadeInRight&quot;,&quot;_animation_delay&quot;:240}\" data-widget_type=\"text-editor.default\">\n\t\t\t\t<div class=\"elementor-widget-container\">\n\t\t\t\t\t\t\t\t<div class=\"elementor-text-editor elementor-clearfix\">\n\t\t\t\t<p>Devenir une soci\u00e9t\u00e9 de portefeuille immobili\u00e8re r\u00e9gionale diversifi\u00e9e, sp\u00e9cialis\u00e9e dans l&rsquo;immobilier et les activit\u00e9s connexes dans des endroits o\u00f9 la soci\u00e9t\u00e9 identifie un avantage, afin d&rsquo;obtenir des rendements et une croissance constamment croissants pour les actionnaires.<\/p>\t\t\t\t\t<\/div>\n\t\t\t\t\t\t<\/div>\n\t\t\t\t<\/div>\n\t\t\t\t<div class=\"elementor-element elementor-element-f272ceb elementor-invisible elementor-widget elementor-widget-heading\" data-id=\"f272ceb\" data-element_type=\"widget\" data-settings=\"{&quot;_animation&quot;:&quot;fadeIn&quot;,&quot;_animation_delay&quot;:440}\" data-widget_type=\"heading.default\">\n\t\t\t\t<div class=\"elementor-widget-container\">\n\t\t\t<h2 class=\"elementor-heading-title elementor-size-default\">Notre <span style=\"color:#FFBA1E\"> Mission<\/span><\/h2>\t\t<\/div>\n\t\t\t\t<\/div>\n\t\t\t\t<div class=\"elementor-element elementor-element-9391761 elementor-invisible elementor-widget elementor-widget-text-editor\" data-id=\"9391761\" data-element_type=\"widget\" data-settings=\"{&quot;_animation&quot;:&quot;fadeIn&quot;,&quot;_animation_delay&quot;:460}\" data-widget_type=\"text-editor.default\">\n\t\t\t\t<div class=\"elementor-widget-container\">\n\t\t\t\t\t\t\t\t<div class=\"elementor-text-editor elementor-clearfix\">\n\t\t\t\t<p>Nous nous engageons \u00e0 cr\u00e9er des transactions immobili\u00e8res agr\u00e9ables gr\u00e2ce aux efforts des professionnels les plus d\u00e9vou\u00e9s soutenus par des programmes, des outils et une gestion innovants. Nous nous effor\u00e7ons de fournir des services \u00e0 domicile continus \u00e0 nos clients avant et apr\u00e8s la vente et travaillons ensemble pour cr\u00e9er un environnement formidable o\u00f9 nous pouvons apprendre, grandir et r\u00e9ussir ensemble. Nous nous tenons \u00e9galement responsables de la r\u00e9alisation de plans d&rsquo;affaires innovants et efficaces, car chaque jour apporte une vari\u00e9t\u00e9 de nouveaux investissements.<\/p>\t\t\t\t\t<\/div>\n\t\t\t\t\t\t<\/div>\n\t\t\t\t<\/div>\n\t\t\t\t<div class=\"elementor-element elementor-element-54de251 elementor-invisible elementor-widget elementor-widget-heading\" data-id=\"54de251\" data-element_type=\"widget\" data-settings=\"{&quot;_animation&quot;:&quot;fadeIn&quot;,&quot;_animation_delay&quot;:480}\" data-widget_type=\"heading.default\">\n\t\t\t\t<div class=\"elementor-widget-container\">\n\t\t\t<h2 class=\"elementor-heading-title elementor-size-default\">Nots <span style=\"color:#FFBA1E\"> Valeurs<\/span><\/h2>\t\t<\/div>\n\t\t\t\t<\/div>\n\t\t\t\t<div class=\"elementor-element elementor-element-e309693 elementor-invisible elementor-widget elementor-widget-text-editor\" data-id=\"e309693\" data-element_type=\"widget\" data-settings=\"{&quot;_animation&quot;:&quot;fadeIn&quot;,&quot;_animation_delay&quot;:500}\" data-widget_type=\"text-editor.default\">\n\t\t\t\t<div class=\"elementor-widget-container\">\n\t\t\t\t\t\t\t\t<div class=\"elementor-text-editor elementor-clearfix\">\n\t\t\t\t<p>Nous travaillons dur avec des efforts soutenus et nous sommes toujours impatients d&rsquo;atteindre les plus hauts niveaux de leadership, d&rsquo;int\u00e9grit\u00e9 et d&rsquo;excellence. Nous tenons \u00e0 fournir les meilleurs standards de service pour assurer la satisfaction de nos clients. L&rsquo;am\u00e9lioration constante, l&rsquo;innovation et la croissance, la c\u00e9l\u00e9bration du succ\u00e8s individuel, le respect du succ\u00e8s individuel, le respect de chaque individu et le travail pour des opportunit\u00e9s et un \u00e9panouissement mutuels sont nos valeurs fondamentales qui nous distinguent des autres.<\/p>\t\t\t\t\t<\/div>\n\t\t\t\t\t\t<\/div>\n\t\t\t\t<\/div>\n\t\t\t\t\t\t<\/div>\n\t\t\t\t\t<\/div>\n\t\t<\/div>\n\t\t\t\t<div class=\"elementor-column elementor-col-50 elementor-inner-column elementor-element elementor-element-b715097\" data-id=\"b715097\" data-element_type=\"column\" data-settings=\"{&quot;animation&quot;:&quot;none&quot;}\">\n\t\t\t<div class=\"elementor-column-wrap elementor-element-populated\">\n\t\t\t\t\t\t\t<div class=\"elementor-widget-wrap\">\n\t\t\t\t\t\t<div class=\"elementor-element elementor-element-6c35117 elementor-invisible elementor-widget elementor-widget-image\" data-id=\"6c35117\" data-element_type=\"widget\" data-settings=\"{&quot;_animation&quot;:&quot;fadeInRight&quot;}\" data-widget_type=\"image.default\">\n\t\t\t\t<div class=\"elementor-widget-container\">\n\t\t\t\t\t\t\t\t<div class=\"elementor-image\">\n\t\t\t\t\t\t\t\t\t\t\t\t<img decoding=\"async\" width=\"683\" height=\"1024\" src=\"https:\/\/projects.backyard.ae\/wp-content\/uploads\/2022\/04\/happy-couple-against-real-estate-683x1024.jpg\" class=\"attachment-large size-large wp-image-2172\" alt=\"\" srcset=\"https:\/\/projects.backyard.ae\/wp-content\/uploads\/2022\/04\/happy-couple-against-real-estate-683x1024.jpg 683w, https:\/\/projects.backyard.ae\/wp-content\/uploads\/2022\/04\/happy-couple-against-real-estate-200x300.jpg 200w, https:\/\/projects.backyard.ae\/wp-content\/uploads\/2022\/04\/happy-couple-against-real-estate-768x1152.jpg 768w, https:\/\/projects.backyard.ae\/wp-content\/uploads\/2022\/04\/happy-couple-against-real-estate-1024x1536.jpg 1024w, https:\/\/projects.backyard.ae\/wp-content\/uploads\/2022\/04\/happy-couple-against-real-estate.jpg 1280w\" sizes=\"(max-width: 683px) 100vw, 683px\" \/>\t\t\t\t\t\t\t\t\t\t\t\t\t\t<\/div>\n\t\t\t\t\t\t<\/div>\n\t\t\t\t<\/div>\n\t\t\t\t\t\t<\/div>\n\t\t\t\t\t<\/div>\n\t\t<\/div>\n\t\t\t\t\t\t\t\t<\/div>\n\t\t\t\t\t<\/div>\n\t\t<\/section>\n\t\t\t\t\t\t<\/div>\n\t\t\t\t\t<\/div>\n\t\t<\/div>\n\t\t\t\t\t\t\t\t<\/div>\n\t\t\t\t\t<\/div>\n\t\t<\/section>\n\t\t\t\t\t\t\t\t\t<\/div>\n\t\t\t<\/div>\n\t\t\t\t\t<\/div>\n\t\t","protected":false},"excerpt":{"rendered":"<p>Accueil \u00c9tabli dans l&rsquo;ann\u00e9e 2012 Nous recherchons et fournissons un large mode de service One Stop Property Solution \u00e0 tous nos pr\u00e9cieux clients. Backyard Real Estate a soutenu sa croissance avec tous les efforts et l&rsquo;excellence pour fournir le meilleur de ses services sur le march\u00e9 que tout autre \u00e9tablissement immobilier. Les c\u00e9s BACKYARD pour [&hellip;]<\/p>\n","protected":false},"author":1,"featured_media":0,"parent":0,"menu_order":0,"comment_status":"closed","ping_status":"closed","template":"elementor_header_footer","meta":{"_daextam_enable_autolinks":"1","footnotes":""},"class_list":["post-3930","page","type-page","status-publish","hentry"],"acf":[],"_links":{"self":[{"href":"https:\/\/projects.backyard.ae\/fr\/wp-json\/wp\/v2\/pages\/3930","targetHints":{"allow":["GET"]}}],"collection":[{"href":"https:\/\/projects.backyard.ae\/fr\/wp-json\/wp\/v2\/pages"}],"about":[{"href":"https:\/\/projects.backyard.ae\/fr\/wp-json\/wp\/v2\/types\/page"}],"author":[{"embeddable":true,"href":"https:\/\/projects.backyard.ae\/fr\/wp-json\/wp\/v2\/users\/1"}],"replies":[{"embeddable":true,"href":"https:\/\/projects.backyard.ae\/fr\/wp-json\/wp\/v2\/comments?post=3930"}],"version-history":[{"count":11,"href":"https:\/\/projects.backyard.ae\/fr\/wp-json\/wp\/v2\/pages\/3930\/revisions"}],"predecessor-version":[{"id":3986,"href":"https:\/\/projects.backyard.ae\/fr\/wp-json\/wp\/v2\/pages\/3930\/revisions\/3986"}],"wp:attachment":[{"href":"https:\/\/projects.backyard.ae\/fr\/wp-json\/wp\/v2\/media?parent=3930"}],"curies":[{"name":"wp","href":"https:\/\/api.w.org\/{rel}","templated":true}]}}